{"id":641,"date":"2025-11-18T15:52:13","date_gmt":"2025-11-18T12:52:13","guid":{"rendered":"https:\/\/technopilot.ai\/?page_id=641"},"modified":"2025-11-18T18:40:10","modified_gmt":"2025-11-18T15:40:10","slug":"iletisim","status":"publish","type":"page","link":"https:\/\/technopilot.ai\/?page_id=641","title":{"rendered":"\u0130leti\u015fim"},"content":{"rendered":"<div class=\"contact-wrapper\">\n<div style=\"max-width: 900px; width: 100%; margin-right: 30px;\">\n        \n<div class=\"wpcf7 no-js\" id=\"wpcf7-f640-o1\" lang=\"tr-TR\" dir=\"ltr\" data-wpcf7-id=\"640\">\n<div class=\"screen-reader-response\"><p role=\"status\" aria-live=\"polite\" aria-atomic=\"true\"><\/p> <ul><\/ul><\/div>\n<form action=\"\/index.php?rest_route=%2Fwp%2Fv2%2Fpages%2F641#wpcf7-f640-o1\" method=\"post\" class=\"wpcf7-form init\" aria-label=\"\u0130leti\u015fim Formu\" novalidate=\"novalidate\" data-status=\"init\">\n<fieldset class=\"hidden-fields-container\"><input type=\"hidden\" name=\"_wpcf7\" value=\"640\" \/><input type=\"hidden\" name=\"_wpcf7_version\" value=\"6.1.3\" \/><input type=\"hidden\" name=\"_wpcf7_locale\" value=\"tr_TR\" \/><input type=\"hidden\" name=\"_wpcf7_unit_tag\" value=\"wpcf7-f640-o1\" \/><input type=\"hidden\" name=\"_wpcf7_container_post\" value=\"0\" \/><input type=\"hidden\" name=\"_wpcf7_posted_data_hash\" value=\"\" \/>\n<\/fieldset>\n<p><label> Ad\u0131n\u0131z<br \/>\n<span class=\"wpcf7-form-control-wrap\" data-name=\"your-name\"><input size=\"40\" maxlength=\"400\" class=\"wpcf7-form-control wpcf7-text wpcf7-validates-as-required\" autocomplete=\"name\" aria-required=\"true\" aria-invalid=\"false\" value=\"\" type=\"text\" name=\"your-name\" \/><\/span> <\/label>\n<\/p>\n<p><label> Soyad\u0131n\u0131z<br \/>\n<span class=\"wpcf7-form-control-wrap\" data-name=\"your-subject\"><input size=\"40\" maxlength=\"400\" class=\"wpcf7-form-control wpcf7-text wpcf7-validates-as-required\" aria-required=\"true\" aria-invalid=\"false\" value=\"\" type=\"text\" name=\"your-subject\" \/><\/span> <\/label>\n<\/p>\n<p><label> E-posta adresiniz<br \/>\n<span class=\"wpcf7-form-control-wrap\" data-name=\"your-email\"><input size=\"40\" maxlength=\"400\" class=\"wpcf7-form-control wpcf7-email wpcf7-validates-as-required wpcf7-text wpcf7-validates-as-email\" autocomplete=\"email\" aria-required=\"true\" aria-invalid=\"false\" value=\"\" type=\"email\" name=\"your-email\" \/><\/span> <\/label>\n<\/p>\n<p><label> \u0130letiniz<br \/>\n<span class=\"wpcf7-form-control-wrap\" data-name=\"your-message\"><textarea cols=\"40\" rows=\"10\" maxlength=\"2000\" class=\"wpcf7-form-control wpcf7-textarea wpcf7-validates-as-required\" aria-required=\"true\" aria-invalid=\"false\" name=\"your-message\"><\/textarea><\/span> <\/label>\n<\/p>\n<p><span class=\"wpcf7-form-control-wrap\" data-name=\"acceptance-33\"><span class=\"wpcf7-form-control wpcf7-acceptance optional\"><span class=\"wpcf7-list-item\"><label><input type=\"checkbox\" name=\"acceptance-33\" value=\"1\" aria-invalid=\"false\" \/><span class=\"wpcf7-list-item-label\">Ki\u015fisel verileriniz sizinle ileti\u015fime ge\u00e7mek amac\u0131yla al\u0131nmaktad\u0131r. Ki\u015fisel verilerinizin i\u015flenmesi ile ilgili Ayd\u0131nlatma Metnine <b><a href=\"https:\/\/netas.com.tr\/kvkk-bilgilendirme\" target=\"_blank\" rel=\"noopener\">buradan<\/a><\/b> eri\u015febilirsiniz.<\/span><\/label><\/span><\/span><\/span>\n<\/p>\n<p><input class=\"wpcf7-form-control wpcf7-submit has-spinner\" type=\"submit\" value=\"G\u00f6nder\" \/>\n<\/p><div class=\"wpcf7-response-output\" aria-hidden=\"true\"><\/div>\n<\/form>\n<\/div>\n\n    <\/div>\n<div class=\"contact-info\">\n<h3>Neta\u015f Genel M\u00fcd\u00fcrl\u00fck<\/h3>\n<p>        Yeni\u015fehir Mah. Osmanl\u0131 Bulvar\u0131 No:11<br \/>\n        34912 Kurtk\u00f6y\u2013Pendik \/ \u0130stanbul<\/p>\n<p>        T : +90 (216) 522 20 00<br \/>\n        F : +90 (216) 522 22 22<br \/>\n        info@netas.com.tr<\/p>\n<div style=\"position: relative; overflow: hidden; max-width: 100%; margin-top: 15px;\">\n            <iframe style=\"position: relative; width: 100%; height: 180px; border: 1px solid #e3e3e3; border-radius: 8px;\"\n                    src=\"https:\/\/yandex.com.tr\/map-widget\/v1\/org\/netas_genel_mudurlugu\/1099152659\/?from=api-maps&amp;ll=29.307114%2C40.929602&amp;origin=jsapi_2_1_77&amp;utm_source=share&amp;z=17\"\n                    frameborder=\"0\" allowfullscreen=\"allowfullscreen\"><br \/>\n            <\/iframe>\n        <\/div>\n<\/p><\/div>\n<\/div>\n","protected":false},"excerpt":{"rendered":"<p>Neta\u015f Genel M\u00fcd\u00fcrl\u00fck Yeni\u015fehir Mah. Osmanl\u0131 Bulvar\u0131 No:11 34912 Kurtk\u00f6y\u2013Pendik \/ \u0130stanbul T : +90 (216) 522 20 00 F : +90 (216) 522 22 22 info@netas.com.tr<\/p>\n","protected":false},"author":1,"featured_media":0,"parent":0,"menu_order":0,"comment_status":"closed","ping_status":"closed","template":"","meta":{"om_disable_all_campaigns":false,"_monsterinsights_skip_tracking":false,"_monsterinsights_sitenote_active":false,"_monsterinsights_sitenote_note":"","_monsterinsights_sitenote_category":0,"footnotes":""},"class_list":["post-641","page","type-page","status-publish","hentry"],"aioseo_notices":[],"_links":{"self":[{"href":"https:\/\/technopilot.ai\/index.php?rest_route=\/wp\/v2\/pages\/641","targetHints":{"allow":["GET"]}}],"collection":[{"href":"https:\/\/technopilot.ai\/index.php?rest_route=\/wp\/v2\/pages"}],"about":[{"href":"https:\/\/technopilot.ai\/index.php?rest_route=\/wp\/v2\/types\/page"}],"author":[{"embeddable":true,"href":"https:\/\/technopilot.ai\/index.php?rest_route=\/wp\/v2\/users\/1"}],"replies":[{"embeddable":true,"href":"https:\/\/technopilot.ai\/index.php?rest_route=%2Fwp%2Fv2%2Fcomments&post=641"}],"version-history":[{"count":18,"href":"https:\/\/technopilot.ai\/index.php?rest_route=\/wp\/v2\/pages\/641\/revisions"}],"predecessor-version":[{"id":675,"href":"https:\/\/technopilot.ai\/index.php?rest_route=\/wp\/v2\/pages\/641\/revisions\/675"}],"wp:attachment":[{"href":"https:\/\/technopilot.ai\/index.php?rest_route=%2Fwp%2Fv2%2Fmedia&parent=641"}],"curies":[{"name":"wp","href":"https:\/\/api.w.org\/{rel}","templated":true}]}}